{"id":43,"date":"2018-07-01T00:45:49","date_gmt":"2018-06-30T22:45:49","guid":{"rendered":"http:\/\/regnum-productions.com\/site\/?page_id=43"},"modified":"2018-07-01T20:36:02","modified_gmt":"2018-07-01T18:36:02","slug":"commander","status":"publish","type":"page","link":"https:\/\/regnum-productions.com\/site\/commander\/","title":{"rendered":"Commander"},"content":{"rendered":"<p>Vous pouvez commander le DVD \u00ab\u00a0Saint Jean Bosco\u00a0\u00bb via Paypal en cliquant sur le bouton \u00ab\u00a0Acheter\u00a0\u00bb ci-dessous. Vous serez directement redirig\u00e9 sur paypal.com pour proc\u00e9der au paiement (nom de la soci\u00e9t\u00e9 : Jean-Michel Boulogne BKING \/ REGNUM) :<\/p>\n<div class='wpecpp-container wpecpp-align-left'><form class='wpecpp-form' target='_blank' id=r51d5f79330da21ce06cb471c1f85729b action='https:\/\/www.paypal.com\/cgi-bin\/webscr' method='post'><input type='hidden' name='cmd' value='_xclick' \/><input type='hidden' name='business' value='renumprods@gmail.com' \/><input type='hidden' name='currency_code' value='EUR' \/><input type='hidden' name='lc' value='fr_CA'><input type='hidden' name='no_note' value=''><input type='hidden' name='paymentaction' value='sale'><input type='hidden' name='return' value='http:\/\/regnum-productions.com\/site\/confirmation' \/><input type='hidden' name='bn' value='WPPlugin_SP'><input type='hidden' name='cancel_return' value='http:\/\/regnum-productions.com\/site\/annulation' \/><input style='border: none;' class='paypalbuttonimage' type='image' src='https:\/\/www.paypalobjects.com\/fr_CA\/i\/btn\/btn_buynow_LG.gif' border='0' name='submit' alt='Make your payments with PayPal. It is free, secure, effective.' \/><img alt='' border='0' style='border:none;display:none;' src='https:\/\/www.paypal.com\/fr_CA\/i\/scr\/pixel.gif' width='1' height='1' \/><input type='hidden' name='item_name' value='DVD Saint Jean Bosco' \/><input type='hidden' name='amount' value='27' \/><\/form><\/div>\n<p>&nbsp;<\/p>\n<p>Prix : 20 euros le DVD + 7 euros la livraison.<\/p>\n<p>(n&rsquo;oubliez pas d&rsquo;indiquer correctement votre adresse de livraison ! Attention : nous ne livrons pas en dehors de l&rsquo;Europe, autrement il faut nous contacter : <a href=\"mailto:regnumprods@gmail.com\"><img decoding=\"async\" src=\"http:\/\/www.regnum-productions.com\/images\/mail.png\" style=\"display:inline;\" \/><\/a>).<\/p>\n<p>Nous vous ferons parvenir le film dans les plus brefs d\u00e9lais.<\/p>\n<p>Si vous comptez commander plusieurs DVD en m\u00eame temps, contactez nous :<br \/>\n<a href=\"mailto:regnumprods@gmail.com\"><img decoding=\"async\" src=\"http:\/\/www.regnum-productions.com\/images\/mail.png\" \/><\/a>.<\/p>\n<p>&nbsp;<\/p>\n<table>\n<tbody>\n<tr>\n<td valign=\"top\"><span style=\"color: #ff8888; font-family: Book Antiqua, Arial; font-size: x-large;\"><b>Commer\u00e7ants<\/b><\/span><\/td>\n<\/tr>\n<tr>\n<td bgcolor=\"white\">\n<p class=\"spip\"><span class=\"spip_documents spip_documents_right\"><img loading=\"lazy\" decoding=\"async\" class=\"alignright\" src=\"http:\/\/www.regnum-productions.com\/IMG\/jpg\/hand2hand.jpg\" alt=\"(JPG)\" width=\"152\" height=\"172\" \/><\/span><\/p>\n<p class=\"spip\">Vous \u00eates commer\u00e7ant (libraire ou autre) et vous aimeriez vendre nos produits\u00a0?<\/p>\n<p>Vous pouvez les commander en nous \u00e9crivant \u00e0 l\u2019adresse suivante\u00a0:<\/p>\n<p><a href=\"mailto:regnumprods@gmail.com\"><img decoding=\"async\" src=\"http:\/\/www.regnum-productions.com\/images\/mail.png\" \/><\/a>.<\/p>\n<p class=\"spip\">Veuillez d\u00e8s lors nous indiquer les informations suivantes\u00a0:<\/p>\n<ul>\n<li class=\"spip\">Nom, adresse, pays &#8230;<\/li>\n<li class=\"spip\">Num\u00e9ro de TVA<\/li>\n<li class=\"spip\">Liste des produits d\u00e9sir\u00e9s et leur nombre<\/li>\n<\/ul>\n<p class=\"spip\"><strong class=\"spip\">&#8230; Nous vous ferons un bon prix\u00a0!<\/strong><\/p>\n<\/td>\n<\/tr>\n<\/tbody>\n<\/table>\n","protected":false},"excerpt":{"rendered":"<p>Vous pouvez commander le DVD \u00ab\u00a0Saint Jean Bosco\u00a0\u00bb via Paypal en cliquant sur le bouton \u00ab\u00a0Acheter\u00a0\u00bb ci-dessous. Vous serez directement &hellip; <\/p>\n<p><a href=\"https:\/\/regnum-productions.com\/site\/commander\/\" class=\"more-link\">Lire la suite<\/a><\/p>\n","protected":false},"author":1,"featured_media":0,"parent":0,"menu_order":0,"comment_status":"closed","ping_status":"closed","template":"","meta":{"footnotes":""},"class_list":["post-43","page","type-page","status-publish","hentry"],"_links":{"self":[{"href":"https:\/\/regnum-productions.com\/site\/wp-json\/wp\/v2\/pages\/43","targetHints":{"allow":["GET"]}}],"collection":[{"href":"https:\/\/regnum-productions.com\/site\/wp-json\/wp\/v2\/pages"}],"about":[{"href":"https:\/\/regnum-productions.com\/site\/wp-json\/wp\/v2\/types\/page"}],"author":[{"embeddable":true,"href":"https:\/\/regnum-productions.com\/site\/wp-json\/wp\/v2\/users\/1"}],"replies":[{"embeddable":true,"href":"https:\/\/regnum-productions.com\/site\/wp-json\/wp\/v2\/comments?post=43"}],"version-history":[{"count":20,"href":"https:\/\/regnum-productions.com\/site\/wp-json\/wp\/v2\/pages\/43\/revisions"}],"predecessor-version":[{"id":82,"href":"https:\/\/regnum-productions.com\/site\/wp-json\/wp\/v2\/pages\/43\/revisions\/82"}],"wp:attachment":[{"href":"https:\/\/regnum-productions.com\/site\/wp-json\/wp\/v2\/media?parent=43"}],"curies":[{"name":"wp","href":"https:\/\/api.w.org\/{rel}","templated":true}]}}